{"id":243,"date":"2022-05-31T17:46:12","date_gmt":"2022-05-31T15:46:12","guid":{"rendered":"http:\/\/bio-jura.fr\/?page_id=243"},"modified":"2022-06-20T11:22:34","modified_gmt":"2022-06-20T09:22:34","slug":"actualites","status":"publish","type":"page","link":"https:\/\/bio-jura.fr\/index.php\/actualites\/","title":{"rendered":"Actualit\u00e9s"},"content":{"rendered":"\t\t<div data-elementor-type=\"wp-page\" data-elementor-id=\"243\" class=\"elementor elementor-243\" data-elementor-settings=\"{&quot;ha_cmc_init_switcher&quot;:&quot;no&quot;}\" data-elementor-post-type=\"page\">\n\t\t\t\t\t\t<section class=\"elementor-section elementor-top-section elementor-element elementor-element-2679731 elementor-section-boxed elementor-section-height-default elementor-section-height-default\" data-id=\"2679731\" data-element_type=\"section\" data-e-type=\"section\" data-settings=\"{&quot;background_background&quot;:&quot;classic&quot;,&quot;_ha_eqh_enable&quot;:false}\">\n\t\t\t\t\t\t\t<div class=\"elementor-background-overlay\"><\/div>\n\t\t\t\t\t\t\t<div class=\"elementor-container elementor-column-gap-default\">\n\t\t\t\t\t<div class=\"elementor-column elementor-col-100 elementor-top-column elementor-element elementor-element-923eb24\" data-id=\"923eb24\" data-element_type=\"column\" data-e-type=\"column\">\n\t\t\t<div class=\"elementor-widget-wrap elementor-element-populated\">\n\t\t\t\t\t\t<div class=\"elementor-element elementor-element-a732ca2 elementor-widget elementor-widget-heading\" data-id=\"a732ca2\" data-element_type=\"widget\" data-e-type=\"widget\" data-widget_type=\"heading.default\">\n\t\t\t\t<div class=\"elementor-widget-container\">\n\t\t\t\t\t<h4 class=\"elementor-heading-title elementor-size-default\">Nos actualit\u00e9s<\/h4>\t\t\t\t<\/div>\n\t\t\t\t<\/div>\n\t\t\t\t<div class=\"elementor-element elementor-element-8f7d297 elementor-icon-list--layout-inline elementor-align-center elementor-list-item-link-full_width elementor-widget elementor-widget-icon-list\" data-id=\"8f7d297\" data-element_type=\"widget\" data-e-type=\"widget\" data-widget_type=\"icon-list.default\">\n\t\t\t\t<div class=\"elementor-widget-container\">\n\t\t\t\t\t\t\t<ul class=\"elementor-icon-list-items elementor-inline-items\">\n\t\t\t\t\t\t\t<li class=\"elementor-icon-list-item elementor-inline-item\">\n\t\t\t\t\t\t\t\t\t\t\t<a href=\"#\">\n\n\t\t\t\t\t\t\t\t\t\t\t\t<span class=\"elementor-icon-list-icon\">\n\t\t\t\t\t\t\t<i aria-hidden=\"true\" class=\"fas fa-home\"><\/i>\t\t\t\t\t\t<\/span>\n\t\t\t\t\t\t\t\t\t\t<span class=\"elementor-icon-list-text\"><\/span>\n\t\t\t\t\t\t\t\t\t\t\t<\/a>\n\t\t\t\t\t\t\t\t\t<\/li>\n\t\t\t\t\t\t\t\t<li class=\"elementor-icon-list-item elementor-inline-item\">\n\t\t\t\t\t\t\t\t\t\t<span class=\"elementor-icon-list-text\">Actualit\u00e9s<\/span>\n\t\t\t\t\t\t\t\t\t<\/li>\n\t\t\t\t\t\t<\/ul>\n\t\t\t\t\t\t<\/div>\n\t\t\t\t<\/div>\n\t\t\t\t\t<\/div>\n\t\t<\/div>\n\t\t\t\t\t<\/div>\n\t\t<\/section>\n\t\t\t\t<section class=\"elementor-section elementor-top-section elementor-element elementor-element-ae42e34 elementor-section-boxed elementor-section-height-default elementor-section-height-default\" data-id=\"ae42e34\" data-element_type=\"section\" data-e-type=\"section\" data-settings=\"{&quot;_ha_eqh_enable&quot;:false}\">\n\t\t\t\t\t\t<div class=\"elementor-container elementor-column-gap-default\">\n\t\t\t\t\t<div class=\"elementor-column elementor-col-100 elementor-top-column elementor-element elementor-element-585e5a7\" data-id=\"585e5a7\" data-element_type=\"column\" data-e-type=\"column\">\n\t\t\t<div class=\"elementor-widget-wrap elementor-element-populated\">\n\t\t\t\t\t\t<div class=\"elementor-element elementor-element-9e92a7b elementor-grid-eael-col-3 elementor-grid-tablet-eael-col-2 elementor-grid-mobile-eael-col-1 elementor-widget elementor-widget-eael-post-grid\" data-id=\"9e92a7b\" data-element_type=\"widget\" data-e-type=\"widget\" data-settings=\"{&quot;eael_post_grid_columns&quot;:&quot;eael-col-3&quot;,&quot;eael_post_grid_columns_tablet&quot;:&quot;eael-col-2&quot;,&quot;eael_post_grid_columns_mobile&quot;:&quot;eael-col-1&quot;}\" data-widget_type=\"eael-post-grid.default\">\n\t\t\t\t<div class=\"elementor-widget-container\">\n\t\t\t\t\t<div id=\"eael-post-grid-9e92a7b\" class=\"eael-post-grid-container\">\n            <div class=\"eael-post-grid eael-post-appender eael-post-appender-9e92a7b eael-post-grid-style-one\" data-layout-mode=\"masonry\"><article class=\"eael-grid-post  eael-post-grid-column eael-pg-post-1 category-non-classe\" data-id=\"1\">\n        <div class=\"eael-grid-post-holder\">\n            <div class=\"eael-grid-post-holder-inner\"><div class=\"eael-entry-media\"><div class=\"eael-entry-overlay fade-in\"><i class=\"fas fa-long-arrow-alt-right\" aria-hidden=\"true\"><\/i><a href=\"https:\/\/bio-jura.fr\/index.php\/2022\/05\/25\/bonjour-tout-le-monde\/\"><\/a><\/div><div class=\"eael-entry-thumbnail \">\n                <img fetchpriority=\"high\" decoding=\"async\" width=\"300\" height=\"225\" src=\"https:\/\/bio-jura.fr\/wp-content\/uploads\/2022\/05\/IMG-7878-300x225.jpg\" class=\"attachment-medium size-medium wp-image-219\" alt=\"\" srcset=\"https:\/\/bio-jura.fr\/wp-content\/uploads\/2022\/05\/IMG-7878-300x225.jpg 300w, https:\/\/bio-jura.fr\/wp-content\/uploads\/2022\/05\/IMG-7878-1024x768.jpg 1024w, https:\/\/bio-jura.fr\/wp-content\/uploads\/2022\/05\/IMG-7878-768x576.jpg 768w, https:\/\/bio-jura.fr\/wp-content\/uploads\/2022\/05\/IMG-7878-1536x1152.jpg 1536w, https:\/\/bio-jura.fr\/wp-content\/uploads\/2022\/05\/IMG-7878-2048x1536.jpg 2048w\" sizes=\"(max-width: 300px) 100vw, 300px\" \/>\n            <\/div>\n        <\/div><div class=\"eael-entry-wrapper\"><header class=\"eael-entry-header\"><h2 class=\"eael-entry-title\"><a class=\"eael-grid-post-link\" href=\"https:\/\/bio-jura.fr\/index.php\/2022\/05\/25\/bonjour-tout-le-monde\/\" title=\"5 astuces pour bien choisir ses produits bio\">5 astuces pour bien choisir ses produits bio<\/a><\/h2><\/header><div class=\"eael-entry-content\">\n                        <div class=\"eael-grid-post-excerpt\"><p>1\/ Privil\u00e9gier le \u201cbio \u00e9thique\u201d au \u201cbio technique\u201d&nbsp; Le \u201cbio...<\/p><a href=\"https:\/\/bio-jura.fr\/index.php\/2022\/05\/25\/bonjour-tout-le-monde\/\" class=\"eael-post-elements-readmore-btn\">LIRE LA SUITE<\/a><\/div>\n                    <\/div><div class=\"eael-entry-footer\"><div class=\"eael-entry-meta\"><\/div><\/div><\/div><\/div>\n        <\/div>\n    <\/article><\/div>\n            <div class=\"clearfix\"><\/div>\n        <\/div>\t\t\t\t<\/div>\n\t\t\t\t<\/div>\n\t\t\t\t\t<\/div>\n\t\t<\/div>\n\t\t\t\t\t<\/div>\n\t\t<\/section>\n\t\t\t\t<\/div>\n\t\t","protected":false},"excerpt":{"rendered":"<p>Nos actualit\u00e9s Actualit\u00e9s MANGER BIO : QUELS PRODUITS FAUT-IL PRIVIL\u00c9GIER ET COMMENT CHOISIR ? En 20 ans, les produits bio se sont impos\u00e9s dans&#8230; LIRE LA SUITE OUVERTURE DE NOTRE NOUVEAU SITE INTERNET ! Lorem ipsum dolor sit amet, consectetur adipiscing elit. Duis sodales&#8230; LIRE LA SUITE 5 astuces pour bien choisir ses produits bio [&hellip;]<\/p>\n","protected":false},"author":1,"featured_media":0,"parent":0,"menu_order":0,"comment_status":"closed","ping_status":"closed","template":"","meta":{"footnotes":""},"class_list":["post-243","page","type-page","status-publish","hentry"],"yoast_head":"<!-- This site is optimized with the Yoast SEO plugin v27.5 - https:\/\/yoast.com\/product\/yoast-seo-wordpress\/ -->\n<title>Actualit\u00e9s - L&#039;\u00e9corce &amp; le noyau<\/title>\n<meta name=\"robots\" content=\"index, follow, max-snippet:-1, max-image-preview:large, max-video-preview:-1\" \/>\n<link rel=\"canonical\" href=\"https:\/\/bio-jura.fr\/index.php\/actualites\/\" \/>\n<meta property=\"og:locale\" content=\"fr_FR\" \/>\n<meta property=\"og:type\" content=\"article\" \/>\n<meta property=\"og:title\" content=\"Actualit\u00e9s - L&#039;\u00e9corce &amp; le noyau\" \/>\n<meta property=\"og:description\" content=\"Nos actualit\u00e9s Actualit\u00e9s MANGER BIO : QUELS PRODUITS FAUT-IL PRIVIL\u00c9GIER ET COMMENT CHOISIR ? En 20 ans, les produits bio se sont impos\u00e9s dans&#8230; LIRE LA SUITE OUVERTURE DE NOTRE NOUVEAU SITE INTERNET ! Lorem ipsum dolor sit amet, consectetur adipiscing elit. Duis sodales&#8230; LIRE LA SUITE 5 astuces pour bien choisir ses produits bio [&hellip;]\" \/>\n<meta property=\"og:url\" content=\"https:\/\/bio-jura.fr\/index.php\/actualites\/\" \/>\n<meta property=\"og:site_name\" content=\"L&#039;\u00e9corce &amp; le noyau\" \/>\n<meta property=\"article:modified_time\" content=\"2022-06-20T09:22:34+00:00\" \/>\n<meta property=\"og:image\" content=\"http:\/\/bio-jura.fr\/wp-content\/uploads\/2022\/05\/IMG-8035-300x225.jpg\" \/>\n<meta name=\"twitter:card\" content=\"summary_large_image\" \/>\n<meta name=\"twitter:label1\" content=\"Dur\u00e9e de lecture estim\u00e9e\" \/>\n\t<meta name=\"twitter:data1\" content=\"2 minutes\" \/>\n<script type=\"application\/ld+json\" class=\"yoast-schema-graph\">{\"@context\":\"https:\\\/\\\/schema.org\",\"@graph\":[{\"@type\":\"WebPage\",\"@id\":\"https:\\\/\\\/bio-jura.fr\\\/index.php\\\/actualites\\\/\",\"url\":\"https:\\\/\\\/bio-jura.fr\\\/index.php\\\/actualites\\\/\",\"name\":\"Actualit\u00e9s - L&#039;\u00e9corce &amp; le noyau\",\"isPartOf\":{\"@id\":\"https:\\\/\\\/bio-jura.fr\\\/#website\"},\"primaryImageOfPage\":{\"@id\":\"https:\\\/\\\/bio-jura.fr\\\/index.php\\\/actualites\\\/#primaryimage\"},\"image\":{\"@id\":\"https:\\\/\\\/bio-jura.fr\\\/index.php\\\/actualites\\\/#primaryimage\"},\"thumbnailUrl\":\"http:\\\/\\\/bio-jura.fr\\\/wp-content\\\/uploads\\\/2022\\\/05\\\/IMG-8035-300x225.jpg\",\"datePublished\":\"2022-05-31T15:46:12+00:00\",\"dateModified\":\"2022-06-20T09:22:34+00:00\",\"breadcrumb\":{\"@id\":\"https:\\\/\\\/bio-jura.fr\\\/index.php\\\/actualites\\\/#breadcrumb\"},\"inLanguage\":\"fr-FR\",\"potentialAction\":[{\"@type\":\"ReadAction\",\"target\":[\"https:\\\/\\\/bio-jura.fr\\\/index.php\\\/actualites\\\/\"]}]},{\"@type\":\"ImageObject\",\"inLanguage\":\"fr-FR\",\"@id\":\"https:\\\/\\\/bio-jura.fr\\\/index.php\\\/actualites\\\/#primaryimage\",\"url\":\"http:\\\/\\\/bio-jura.fr\\\/wp-content\\\/uploads\\\/2022\\\/05\\\/IMG-8035-300x225.jpg\",\"contentUrl\":\"http:\\\/\\\/bio-jura.fr\\\/wp-content\\\/uploads\\\/2022\\\/05\\\/IMG-8035-300x225.jpg\"},{\"@type\":\"BreadcrumbList\",\"@id\":\"https:\\\/\\\/bio-jura.fr\\\/index.php\\\/actualites\\\/#breadcrumb\",\"itemListElement\":[{\"@type\":\"ListItem\",\"position\":1,\"name\":\"Accueil\",\"item\":\"https:\\\/\\\/bio-jura.fr\\\/\"},{\"@type\":\"ListItem\",\"position\":2,\"name\":\"Actualit\u00e9s\"}]},{\"@type\":\"WebSite\",\"@id\":\"https:\\\/\\\/bio-jura.fr\\\/#website\",\"url\":\"https:\\\/\\\/bio-jura.fr\\\/\",\"name\":\"L&#039;\u00e9corce &amp; le noyau\",\"description\":\"\",\"publisher\":{\"@id\":\"https:\\\/\\\/bio-jura.fr\\\/#organization\"},\"potentialAction\":[{\"@type\":\"SearchAction\",\"target\":{\"@type\":\"EntryPoint\",\"urlTemplate\":\"https:\\\/\\\/bio-jura.fr\\\/?s={search_term_string}\"},\"query-input\":{\"@type\":\"PropertyValueSpecification\",\"valueRequired\":true,\"valueName\":\"search_term_string\"}}],\"inLanguage\":\"fr-FR\"},{\"@type\":\"Organization\",\"@id\":\"https:\\\/\\\/bio-jura.fr\\\/#organization\",\"name\":\"L'\u00e9corce et le noyau\",\"url\":\"https:\\\/\\\/bio-jura.fr\\\/\",\"logo\":{\"@type\":\"ImageObject\",\"inLanguage\":\"fr-FR\",\"@id\":\"https:\\\/\\\/bio-jura.fr\\\/#\\\/schema\\\/logo\\\/image\\\/\",\"url\":\"https:\\\/\\\/i0.wp.com\\\/bio-jura.fr\\\/wp-content\\\/uploads\\\/2022\\\/06\\\/fond-logo.png?fit=1080%2C1080&ssl=1\",\"contentUrl\":\"https:\\\/\\\/i0.wp.com\\\/bio-jura.fr\\\/wp-content\\\/uploads\\\/2022\\\/06\\\/fond-logo.png?fit=1080%2C1080&ssl=1\",\"width\":1080,\"height\":1080,\"caption\":\"L'\u00e9corce et le noyau\"},\"image\":{\"@id\":\"https:\\\/\\\/bio-jura.fr\\\/#\\\/schema\\\/logo\\\/image\\\/\"}}]}<\/script>\n<!-- \/ Yoast SEO plugin. -->","yoast_head_json":{"title":"Actualit\u00e9s - L&#039;\u00e9corce &amp; le noyau","robots":{"index":"index","follow":"follow","max-snippet":"max-snippet:-1","max-image-preview":"max-image-preview:large","max-video-preview":"max-video-preview:-1"},"canonical":"https:\/\/bio-jura.fr\/index.php\/actualites\/","og_locale":"fr_FR","og_type":"article","og_title":"Actualit\u00e9s - L&#039;\u00e9corce &amp; le noyau","og_description":"Nos actualit\u00e9s Actualit\u00e9s MANGER BIO : QUELS PRODUITS FAUT-IL PRIVIL\u00c9GIER ET COMMENT CHOISIR ? En 20 ans, les produits bio se sont impos\u00e9s dans&#8230; LIRE LA SUITE OUVERTURE DE NOTRE NOUVEAU SITE INTERNET ! Lorem ipsum dolor sit amet, consectetur adipiscing elit. Duis sodales&#8230; LIRE LA SUITE 5 astuces pour bien choisir ses produits bio [&hellip;]","og_url":"https:\/\/bio-jura.fr\/index.php\/actualites\/","og_site_name":"L&#039;\u00e9corce &amp; le noyau","article_modified_time":"2022-06-20T09:22:34+00:00","og_image":[{"url":"http:\/\/bio-jura.fr\/wp-content\/uploads\/2022\/05\/IMG-8035-300x225.jpg","type":"","width":"","height":""}],"twitter_card":"summary_large_image","twitter_misc":{"Dur\u00e9e de lecture estim\u00e9e":"2 minutes"},"schema":{"@context":"https:\/\/schema.org","@graph":[{"@type":"WebPage","@id":"https:\/\/bio-jura.fr\/index.php\/actualites\/","url":"https:\/\/bio-jura.fr\/index.php\/actualites\/","name":"Actualit\u00e9s - L&#039;\u00e9corce &amp; le noyau","isPartOf":{"@id":"https:\/\/bio-jura.fr\/#website"},"primaryImageOfPage":{"@id":"https:\/\/bio-jura.fr\/index.php\/actualites\/#primaryimage"},"image":{"@id":"https:\/\/bio-jura.fr\/index.php\/actualites\/#primaryimage"},"thumbnailUrl":"http:\/\/bio-jura.fr\/wp-content\/uploads\/2022\/05\/IMG-8035-300x225.jpg","datePublished":"2022-05-31T15:46:12+00:00","dateModified":"2022-06-20T09:22:34+00:00","breadcrumb":{"@id":"https:\/\/bio-jura.fr\/index.php\/actualites\/#breadcrumb"},"inLanguage":"fr-FR","potentialAction":[{"@type":"ReadAction","target":["https:\/\/bio-jura.fr\/index.php\/actualites\/"]}]},{"@type":"ImageObject","inLanguage":"fr-FR","@id":"https:\/\/bio-jura.fr\/index.php\/actualites\/#primaryimage","url":"http:\/\/bio-jura.fr\/wp-content\/uploads\/2022\/05\/IMG-8035-300x225.jpg","contentUrl":"http:\/\/bio-jura.fr\/wp-content\/uploads\/2022\/05\/IMG-8035-300x225.jpg"},{"@type":"BreadcrumbList","@id":"https:\/\/bio-jura.fr\/index.php\/actualites\/#breadcrumb","itemListElement":[{"@type":"ListItem","position":1,"name":"Accueil","item":"https:\/\/bio-jura.fr\/"},{"@type":"ListItem","position":2,"name":"Actualit\u00e9s"}]},{"@type":"WebSite","@id":"https:\/\/bio-jura.fr\/#website","url":"https:\/\/bio-jura.fr\/","name":"L&#039;\u00e9corce &amp; le noyau","description":"","publisher":{"@id":"https:\/\/bio-jura.fr\/#organization"},"potentialAction":[{"@type":"SearchAction","target":{"@type":"EntryPoint","urlTemplate":"https:\/\/bio-jura.fr\/?s={search_term_string}"},"query-input":{"@type":"PropertyValueSpecification","valueRequired":true,"valueName":"search_term_string"}}],"inLanguage":"fr-FR"},{"@type":"Organization","@id":"https:\/\/bio-jura.fr\/#organization","name":"L'\u00e9corce et le noyau","url":"https:\/\/bio-jura.fr\/","logo":{"@type":"ImageObject","inLanguage":"fr-FR","@id":"https:\/\/bio-jura.fr\/#\/schema\/logo\/image\/","url":"https:\/\/i0.wp.com\/bio-jura.fr\/wp-content\/uploads\/2022\/06\/fond-logo.png?fit=1080%2C1080&ssl=1","contentUrl":"https:\/\/i0.wp.com\/bio-jura.fr\/wp-content\/uploads\/2022\/06\/fond-logo.png?fit=1080%2C1080&ssl=1","width":1080,"height":1080,"caption":"L'\u00e9corce et le noyau"},"image":{"@id":"https:\/\/bio-jura.fr\/#\/schema\/logo\/image\/"}}]}},"_links":{"self":[{"href":"https:\/\/bio-jura.fr\/index.php\/wp-json\/wp\/v2\/pages\/243","targetHints":{"allow":["GET"]}}],"collection":[{"href":"https:\/\/bio-jura.fr\/index.php\/wp-json\/wp\/v2\/pages"}],"about":[{"href":"https:\/\/bio-jura.fr\/index.php\/wp-json\/wp\/v2\/types\/page"}],"author":[{"embeddable":true,"href":"https:\/\/bio-jura.fr\/index.php\/wp-json\/wp\/v2\/users\/1"}],"replies":[{"embeddable":true,"href":"https:\/\/bio-jura.fr\/index.php\/wp-json\/wp\/v2\/comments?post=243"}],"version-history":[{"count":7,"href":"https:\/\/bio-jura.fr\/index.php\/wp-json\/wp\/v2\/pages\/243\/revisions"}],"predecessor-version":[{"id":803,"href":"https:\/\/bio-jura.fr\/index.php\/wp-json\/wp\/v2\/pages\/243\/revisions\/803"}],"wp:attachment":[{"href":"https:\/\/bio-jura.fr\/index.php\/wp-json\/wp\/v2\/media?parent=243"}],"curies":[{"name":"wp","href":"https:\/\/api.w.org\/{rel}","templated":true}]}}